{"id":18745,"date":"2023-04-30T18:20:46","date_gmt":"2023-04-30T18:20:46","guid":{"rendered":"https:\/\/rollsystech.hu\/?page_id=18745"},"modified":"2023-04-30T18:52:49","modified_gmt":"2023-04-30T18:52:49","slug":"katalog-decco","status":"publish","type":"page","link":"http:\/\/rollsystech.hu\/sk\/katalog-decco\/","title":{"rendered":"Lapozhat\u00f3 Decco m\u0171anyag ny\u00edl\u00e1sz\u00e1r\u00f3 katal\u00f3gus"},"content":{"rendered":"<div data-elementor-type=\"wp-page\" data-elementor-id=\"18745\" class=\"elementor elementor-18745\" data-elementor-post-type=\"page\">\n\t\t\t\t\t\t<section class=\"elementor-section elementor-top-section elementor-element elementor-element-636ebfc elementor-section-boxed elementor-section-height-default elementor-section-height-default\" data-id=\"636ebfc\" data-element_type=\"section\" data-e-type=\"section\">\n\t\t\t\t\t\t<div class=\"elementor-container elementor-column-gap-default\">\n\t\t\t\t\t<div class=\"elementor-column elementor-col-100 elementor-top-column elementor-element elementor-element-216e3e7\" data-id=\"216e3e7\" data-element_type=\"column\" data-e-type=\"column\">\n\t\t\t<div class=\"elementor-widget-wrap elementor-element-populated\">\n\t\t\t\t\t\t<div class=\"elementor-element elementor-element-37dba0e elementor-widget elementor-widget-text-editor\" data-id=\"37dba0e\" data-element_type=\"widget\" data-e-type=\"widget\" data-widget_type=\"text-editor.default\">\n\t\t\t\t<div class=\"elementor-widget-container\">\n\t\t\t\t\t\t\t\t\t<p><div class=\"_df_book df-lite\" id=\"df_18752\"  _slug=\"decco-katalogus\" data-title=\"decco-katalogus\" wpoptions=\"true\" thumbtype=\"\" ><\/div><script class=\"df-shortcode-script\" nowprocket type=\"application\/javascript\">window.option_df_18752 = {\"outline\":[],\"backgroundColor\":\"#ffffff\",\"autoEnableOutline\":\"false\",\"autoEnableThumbnail\":\"false\",\"overwritePDFOutline\":\"false\",\"direction\":\"1\",\"pageSize\":\"0\",\"source\":\"https:\\\/\\\/rollsystech.hu\\\/wp-content\\\/uploads\\\/rollsystech-decco-muanyag-nyilaszaro-katalogus.pdf\",\"wpOptions\":\"true\"}; if(window.DFLIP && window.DFLIP.parseBooks){window.DFLIP.parseBooks();}<\/script><\/p>\t\t\t\t\t\t\t\t<\/div>\n\t\t\t\t<\/div>\n\t\t\t\t\t<\/div>\n\t\t<\/div>\n\t\t\t\t\t<\/div>\n\t\t<\/section>\n\t\t\t\t<\/div>","protected":false},"excerpt":{"rendered":"","protected":false},"author":4,"featured_media":0,"parent":0,"menu_order":0,"comment_status":"closed","ping_status":"closed","template":"page-full-width.php","meta":{"footnotes":""},"class_list":["post-18745","page","type-page","status-publish","hentry"],"_links":{"self":[{"href":"http:\/\/rollsystech.hu\/sk\/wp-json\/wp\/v2\/pages\/18745","targetHints":{"allow":["GET"]}}],"collection":[{"href":"http:\/\/rollsystech.hu\/sk\/wp-json\/wp\/v2\/pages"}],"about":[{"href":"http:\/\/rollsystech.hu\/sk\/wp-json\/wp\/v2\/types\/page"}],"author":[{"embeddable":true,"href":"http:\/\/rollsystech.hu\/sk\/wp-json\/wp\/v2\/users\/4"}],"replies":[{"embeddable":true,"href":"http:\/\/rollsystech.hu\/sk\/wp-json\/wp\/v2\/comments?post=18745"}],"version-history":[{"count":4,"href":"http:\/\/rollsystech.hu\/sk\/wp-json\/wp\/v2\/pages\/18745\/revisions"}],"predecessor-version":[{"id":18778,"href":"http:\/\/rollsystech.hu\/sk\/wp-json\/wp\/v2\/pages\/18745\/revisions\/18778"}],"wp:attachment":[{"href":"http:\/\/rollsystech.hu\/sk\/wp-json\/wp\/v2\/media?parent=18745"}],"curies":[{"name":"wp","href":"https:\/\/api.w.org\/{rel}","templated":true}]}}