{"id":13223,"date":"2022-06-27T13:09:29","date_gmt":"2022-06-27T13:09:29","guid":{"rendered":"https:\/\/rollsystech.hu\/?page_id=13223"},"modified":"2023-04-30T15:25:33","modified_gmt":"2023-04-30T15:25:33","slug":"cookie-richtlinie","status":"publish","type":"page","link":"https:\/\/rollsystech.hu\/at\/cookie-richtlinie\/","title":{"rendered":"Cookie-Politik"},"content":{"rendered":"<div data-elementor-type=\"wp-page\" data-elementor-id=\"13223\" class=\"elementor elementor-13223\" data-elementor-post-type=\"page\">\n\t\t\t\t\t\t<section class=\"elementor-section elementor-top-section elementor-element elementor-element-8bd218c elementor-section-full_width elementor-section-height-default elementor-section-height-default\" data-id=\"8bd218c\" data-element_type=\"section\" data-e-type=\"section\">\n\t\t\t\t\t\t<div class=\"elementor-container elementor-column-gap-default\">\n\t\t\t\t\t<div class=\"elementor-column elementor-col-100 elementor-top-column elementor-element elementor-element-3851259\" data-id=\"3851259\" data-element_type=\"column\" data-e-type=\"column\">\n\t\t\t<div class=\"elementor-widget-wrap elementor-element-populated\">\n\t\t\t\t\t\t<div class=\"elementor-element elementor-element-30e9c57 elementor-widget elementor-widget-heading\" data-id=\"30e9c57\" data-element_type=\"widget\" data-e-type=\"widget\" data-widget_type=\"heading.default\">\n\t\t\t\t<div class=\"elementor-widget-container\">\n\t\t\t\t\t<h2 class=\"elementor-heading-title elementor-size-default\">Cookie-Politik<\/h2>\t\t\t\t<\/div>\n\t\t\t\t<\/div>\n\t\t\t\t\t<\/div>\n\t\t<\/div>\n\t\t\t\t\t<\/div>\n\t\t<\/section>\n\t\t\t\t<section class=\"elementor-section elementor-top-section elementor-element elementor-element-829735f elementor-section-boxed elementor-section-height-default elementor-section-height-default\" data-id=\"829735f\" data-element_type=\"section\" data-e-type=\"section\">\n\t\t\t\t\t\t<div class=\"elementor-container elementor-column-gap-default\">\n\t\t\t\t\t<div class=\"elementor-column elementor-col-100 elementor-top-column elementor-element elementor-element-a0afbe4\" data-id=\"a0afbe4\" data-element_type=\"column\" data-e-type=\"column\">\n\t\t\t<div class=\"elementor-widget-wrap elementor-element-populated\">\n\t\t\t\t\t\t<div class=\"elementor-element elementor-element-37150e6 elementor-widget elementor-widget-text-editor\" data-id=\"37150e6\" data-element_type=\"widget\" data-e-type=\"widget\" data-widget_type=\"text-editor.default\">\n\t\t\t\t<div class=\"elementor-widget-container\">\n\t\t\t\t\t\t\t\t\t<p><style>\n    a.cky-banner-element {<br \/>        padding: 8px 30px;<br \/>        background: #F8F9FA;<br \/>        color: #858A8F;<br \/>        border: 1px solid #DEE2E6;<br \/>        box-sizing: border-box;<br \/>        border-radius: 2px;<br \/>        cursor: pointer;<br \/>}<br \/><\/style><\/p><p>Datum des Inkrafttretens: 22. April 2023.<br \/>Letzte Aktualisierung: 22. April 2023.<\/p><h5>Was sind Cookies?<\/h5><div class=\"cookie-policy-p\"><p>Diese Cookie-Richtlinie erkl\u00e4rt, was Cookies sind und wie wir sie verwenden, welche Arten von Cookies wir verwenden, d.h. welche Informationen wir durch Cookies sammeln, wie wir diese Informationen verwenden und wie wir die Cookie-Einstellungen verwalten.<\/p><p>Cookies sind kleine Textdateien, die dazu dienen, kleine Informationen zu speichern. Sie werden auf Ihrem Ger\u00e4t gespeichert, wenn die Website in Ihrem Browser geladen wird. Diese Cookies helfen uns, die Website ordnungsgem\u00e4\u00df zu betreiben, sie sicherer zu machen, eine bessere Nutzererfahrung zu bieten, zu verstehen, wie die Website funktioniert, und zu analysieren, was funktioniert und wo Verbesserungen erforderlich sind.<\/p><\/div><h5>Wie verwenden wir Cookies?<\/h5><div class=\"cookie-policy-p\"><p>Wie die meisten Online-Dienste verwendet unsere Website interne Cookies und Cookies von Drittanbietern f\u00fcr eine Reihe von Zwecken. Interne Cookies sind in der Regel f\u00fcr das ordnungsgem\u00e4\u00dfe Funktionieren der Website erforderlich und sammeln keine pers\u00f6nlich identifizierbaren Informationen \u00fcber Sie.<\/p><p>Die Cookies von Drittanbietern, die auf unserer Website verwendet werden, dienen haupts\u00e4chlich dazu, die Funktionsweise der Website zu verstehen, die Interaktion mit unserer Website zu erm\u00f6glichen, unsere Dienste sicher zu halten, f\u00fcr Sie relevante Werbung anzuzeigen und insgesamt eine bessere Benutzererfahrung zu bieten, um Ihre zuk\u00fcnftigen Interaktionen mit unserer Website zu beschleunigen.<\/p><\/div><h5>Arten von Cookies, die wir verwenden<\/h5><div class=\"cky-audit-table-element\">\u00a0<\/div><h5 style=\"margin-bottom: 20px;\">Verwaltung der Cookie-Einstellungen<\/h5><p><a class=\"cky-banner-element\">Cookie-Einstellungen<\/a><\/p><div><p>Sie k\u00f6nnen Ihre Cookie-Einstellungen jederzeit \u00e4ndern, indem Sie auf den Text \"Cookie-Einstellungen\" oben oder auf das Cookie-Symbol in der unteren linken Ecke des Bildschirms klicken. Auf diese Weise k\u00f6nnen Sie das Cookie-Einwilligungsband erneut aufrufen und Ihre Einstellungen \u00e4ndern oder Ihre Einwilligung sofort widerrufen.<\/p><p>Dar\u00fcber hinaus bieten verschiedene Browser unterschiedliche Methoden zum Blockieren und L\u00f6schen von Cookies, die von Websites verwendet werden. Sie k\u00f6nnen Ihre Browsereinstellungen \u00e4ndern, um Cookies zu blockieren\/l\u00f6schen.<\/p><p>Nachstehend finden Sie Links zu Support-Dokumenten, in denen beschrieben wird, wie Sie Cookies in den wichtigsten Webbrowsern verwalten und l\u00f6schen k\u00f6nnen.<\/p><p>Chrom: <a href=\"https:\/\/support.google.com\/accounts\/answer\/32050\" target=\"_blank\" rel=\"noopener noreferrer\">https:\/\/support.google.com\/accounts\/answer\/32050<\/a><\/p><p>Safari: <a href=\"https:\/\/support.apple.com\/en-in\/guide\/safari\/sfri11471\/mac\" target=\"_blank\" rel=\"noopener noreferrer\">https:\/\/support.apple.com\/en-in\/guide\/safari\/sfri11471\/mac<\/a><\/p><p>Firefox: <a href=\"https:\/\/support.mozilla.org\/en-US\/kb\/clear-cookies-and-site-data-firefox?redirectslug=delete-cookies-remove-info-websites-stored&amp;redirectlocale=en-US\" target=\"_blank\" rel=\"noopener noreferrer\">https:\/\/support.mozilla.org\/en-US\/kb\/clear-cookies-and-site-data-firefox?redirectslug=delete-cookies-remove-info-websites-stored&amp;redirectlocale=en-US<\/a><\/p><p>Internet Explorer: <a href=\"https:\/\/support.microsoft.com\/en-us\/topic\/how-to-delete-cookie-files-in-internet-explorer-bca9446f-d873-78de-77ba-d42645fa52fc\" target=\"_blank\" rel=\"noopener noreferrer\">https:\/\/support.microsoft.com\/en-us\/topic\/how-to-delete-cookie-files-in-internet-explorer-bca9446f-d873-78de-77ba-d42645fa52fc<\/a><\/p><p>Wenn Sie einen anderen Webbrowser verwenden, konsultieren Sie bitte die offizielle Support-Dokumentation f\u00fcr Ihren Browser.<\/p><\/div>\t\t\t\t\t\t\t\t<\/div>\n\t\t\t\t<\/div>\n\t\t\t\t\t<\/div>\n\t\t<\/div>\n\t\t\t\t\t<\/div>\n\t\t<\/section>\n\t\t\t\t<\/div>","protected":false},"excerpt":{"rendered":"<p>Cookie szab\u00e1lyzat Hat\u00e1lybal\u00e9p\u00e9s d\u00e1tuma: 2023. \u00e1prilis 22.Utols\u00f3 friss\u00edt\u00e9s: 2023. \u00e1prilis 22. Mik azok a s\u00fctik? Ez a Cookie-szab\u00e1lyzat elmagyar\u00e1zza, hogy mik azok a cookie-k, \u00e9s hogyan haszn\u00e1ljuk \u0151ket, milyen t\u00edpus\u00fa cookie-kat haszn\u00e1lunk, azaz milyen inform\u00e1ci\u00f3kat gy\u0171jt\u00fcnk a cookie-k seg\u00edts\u00e9g\u00e9vel, hogyan haszn\u00e1ljuk fel ezeket az inform\u00e1ci\u00f3kat, \u00e9s hogyan kezelj\u00fck a cookie-be\u00e1ll\u00edt\u00e1sokat. A cookie-k kism\u00e9ret\u0171 sz\u00f6veges f\u00e1jlok, [&hellip;]<\/p>\n","protected":false},"author":4,"featured_media":0,"parent":0,"menu_order":0,"comment_status":"closed","ping_status":"closed","template":"","meta":{"footnotes":""},"class_list":["post-13223","page","type-page","status-publish","hentry"],"_links":{"self":[{"href":"https:\/\/rollsystech.hu\/at\/wp-json\/wp\/v2\/pages\/13223","targetHints":{"allow":["GET"]}}],"collection":[{"href":"https:\/\/rollsystech.hu\/at\/wp-json\/wp\/v2\/pages"}],"about":[{"href":"https:\/\/rollsystech.hu\/at\/wp-json\/wp\/v2\/types\/page"}],"author":[{"embeddable":true,"href":"https:\/\/rollsystech.hu\/at\/wp-json\/wp\/v2\/users\/4"}],"replies":[{"embeddable":true,"href":"https:\/\/rollsystech.hu\/at\/wp-json\/wp\/v2\/comments?post=13223"}],"version-history":[{"count":27,"href":"https:\/\/rollsystech.hu\/at\/wp-json\/wp\/v2\/pages\/13223\/revisions"}],"predecessor-version":[{"id":18718,"href":"https:\/\/rollsystech.hu\/at\/wp-json\/wp\/v2\/pages\/13223\/revisions\/18718"}],"wp:attachment":[{"href":"https:\/\/rollsystech.hu\/at\/wp-json\/wp\/v2\/media?parent=13223"}],"curies":[{"name":"wp","href":"https:\/\/api.w.org\/{rel}","templated":true}]}}