{"id":18748,"date":"2023-04-30T18:24:25","date_gmt":"2023-04-30T18:24:25","guid":{"rendered":"https:\/\/rollsystech.hu\/?page_id=18748"},"modified":"2023-04-30T18:55:27","modified_gmt":"2023-04-30T18:55:27","slug":"salamander-katalog","status":"publish","type":"page","link":"https:\/\/rollsystech.hu\/at\/salamander-katalog\/","title":{"rendered":"Lapozhat\u00f3 Salamander m\u0171anyag ny\u00edl\u00e1sz\u00e1r\u00f3 katal\u00f3gus"},"content":{"rendered":"<div data-elementor-type=\"wp-page\" data-elementor-id=\"18748\" class=\"elementor elementor-18748\" data-elementor-post-type=\"page\">\n\t\t\t\t\t\t<section class=\"elementor-section elementor-top-section elementor-element elementor-element-f8a30c2 elementor-section-boxed elementor-section-height-default elementor-section-height-default\" data-id=\"f8a30c2\" data-element_type=\"section\" data-e-type=\"section\">\n\t\t\t\t\t\t<div class=\"elementor-container elementor-column-gap-default\">\n\t\t\t\t\t<div class=\"elementor-column elementor-col-100 elementor-top-column elementor-element elementor-element-ba3aa0a\" data-id=\"ba3aa0a\" data-element_type=\"column\" data-e-type=\"column\">\n\t\t\t<div class=\"elementor-widget-wrap elementor-element-populated\">\n\t\t\t\t\t\t<div class=\"elementor-element elementor-element-c3fa6f0 elementor-widget elementor-widget-text-editor\" data-id=\"c3fa6f0\" data-element_type=\"widget\" data-e-type=\"widget\" data-widget_type=\"text-editor.default\">\n\t\t\t\t<div class=\"elementor-widget-container\">\n\t\t\t\t\t\t\t\t\t<p><div class=\"_df_book df-lite\" id=\"df_18754\"  _slug=\"salamander-katalogus\" data-title=\"salamander-katalogus\" wpoptions=\"true\" thumbtype=\"\" ><\/div><script class=\"df-shortcode-script\" nowprocket type=\"application\/javascript\">window.option_df_18754 = {\"outline\":[],\"backgroundColor\":\"#ffffff\",\"autoEnableOutline\":\"false\",\"autoEnableThumbnail\":\"false\",\"overwritePDFOutline\":\"false\",\"direction\":\"1\",\"pageSize\":\"0\",\"source\":\"https:\\\/\\\/rollsystech.hu\\\/wp-content\\\/uploads\\\/rollsystech-salamander-muanyag-nyilaszaro-katalogus.pdf\",\"wpOptions\":\"true\"}; if(window.DFLIP && window.DFLIP.parseBooks){window.DFLIP.parseBooks();}<\/script><\/p>\t\t\t\t\t\t\t\t<\/div>\n\t\t\t\t<\/div>\n\t\t\t\t\t<\/div>\n\t\t<\/div>\n\t\t\t\t\t<\/div>\n\t\t<\/section>\n\t\t\t\t<\/div>","protected":false},"excerpt":{"rendered":"","protected":false},"author":4,"featured_media":0,"parent":0,"menu_order":0,"comment_status":"closed","ping_status":"closed","template":"page-full-width.php","meta":{"footnotes":""},"class_list":["post-18748","page","type-page","status-publish","hentry"],"_links":{"self":[{"href":"https:\/\/rollsystech.hu\/at\/wp-json\/wp\/v2\/pages\/18748","targetHints":{"allow":["GET"]}}],"collection":[{"href":"https:\/\/rollsystech.hu\/at\/wp-json\/wp\/v2\/pages"}],"about":[{"href":"https:\/\/rollsystech.hu\/at\/wp-json\/wp\/v2\/types\/page"}],"author":[{"embeddable":true,"href":"https:\/\/rollsystech.hu\/at\/wp-json\/wp\/v2\/users\/4"}],"replies":[{"embeddable":true,"href":"https:\/\/rollsystech.hu\/at\/wp-json\/wp\/v2\/comments?post=18748"}],"version-history":[{"count":4,"href":"https:\/\/rollsystech.hu\/at\/wp-json\/wp\/v2\/pages\/18748\/revisions"}],"predecessor-version":[{"id":18781,"href":"https:\/\/rollsystech.hu\/at\/wp-json\/wp\/v2\/pages\/18748\/revisions\/18781"}],"wp:attachment":[{"href":"https:\/\/rollsystech.hu\/at\/wp-json\/wp\/v2\/media?parent=18748"}],"curies":[{"name":"wp","href":"https:\/\/api.w.org\/{rel}","templated":true}]}}