{"id":13223,"date":"2022-06-27T13:09:29","date_gmt":"2022-06-27T13:09:29","guid":{"rendered":"https:\/\/rollsystech.hu\/?page_id=13223"},"modified":"2023-04-30T15:25:33","modified_gmt":"2023-04-30T15:25:33","slug":"zasady-pouzivania-suborov-cookie","status":"publish","type":"page","link":"https:\/\/rollsystech.hu\/sk\/zasady-pouzivania-suborov-cookie\/","title":{"rendered":"Z\u00e1sady pou\u017e\u00edvania s\u00faborov cookie"},"content":{"rendered":"<div data-elementor-type=\"wp-page\" data-elementor-id=\"13223\" class=\"elementor elementor-13223\" data-elementor-post-type=\"page\">\n\t\t\t\t\t\t<section class=\"elementor-section elementor-top-section elementor-element elementor-element-8bd218c elementor-section-full_width elementor-section-height-default elementor-section-height-default\" data-id=\"8bd218c\" data-element_type=\"section\" data-e-type=\"section\">\n\t\t\t\t\t\t<div class=\"elementor-container elementor-column-gap-default\">\n\t\t\t\t\t<div class=\"elementor-column elementor-col-100 elementor-top-column elementor-element elementor-element-3851259\" data-id=\"3851259\" data-element_type=\"column\" data-e-type=\"column\">\n\t\t\t<div class=\"elementor-widget-wrap elementor-element-populated\">\n\t\t\t\t\t\t<div class=\"elementor-element elementor-element-30e9c57 elementor-widget elementor-widget-heading\" data-id=\"30e9c57\" data-element_type=\"widget\" data-e-type=\"widget\" data-widget_type=\"heading.default\">\n\t\t\t\t<div class=\"elementor-widget-container\">\n\t\t\t\t\t<h2 class=\"elementor-heading-title elementor-size-default\">Z\u00e1sady pou\u017e\u00edvania s\u00faborov cookie<\/h2>\t\t\t\t<\/div>\n\t\t\t\t<\/div>\n\t\t\t\t\t<\/div>\n\t\t<\/div>\n\t\t\t\t\t<\/div>\n\t\t<\/section>\n\t\t\t\t<section class=\"elementor-section elementor-top-section elementor-element elementor-element-829735f elementor-section-boxed elementor-section-height-default elementor-section-height-default\" data-id=\"829735f\" data-element_type=\"section\" data-e-type=\"section\">\n\t\t\t\t\t\t<div class=\"elementor-container elementor-column-gap-default\">\n\t\t\t\t\t<div class=\"elementor-column elementor-col-100 elementor-top-column elementor-element elementor-element-a0afbe4\" data-id=\"a0afbe4\" data-element_type=\"column\" data-e-type=\"column\">\n\t\t\t<div class=\"elementor-widget-wrap elementor-element-populated\">\n\t\t\t\t\t\t<div class=\"elementor-element elementor-element-37150e6 elementor-widget elementor-widget-text-editor\" data-id=\"37150e6\" data-element_type=\"widget\" data-e-type=\"widget\" data-widget_type=\"text-editor.default\">\n\t\t\t\t<div class=\"elementor-widget-container\">\n\t\t\t\t\t\t\t\t\t<p><style>\n    a.cky-banner-element {<br \/>        padding: 8px 30px;<br \/>        background: #F8F9FA;<br \/>        color: #858A8F;<br \/>        border: 1px solid #DEE2E6;<br \/>        box-sizing: border-box;<br \/>        border-radius: 2px;<br \/>        cursor: pointer;<br \/>}<br \/><\/style><\/p><p>D\u00e1tum nadobudnutia platnosti: 22. apr\u00edla 2023.<br \/>Posledn\u00e1 aktualiz\u00e1cia: 22. apr\u00edla 2023.<\/p><h5>\u010co s\u00fa to s\u00fabory cookie?<\/h5><div class=\"cookie-policy-p\"><p>Tieto z\u00e1sady pou\u017e\u00edvania s\u00faborov cookie vysvet\u013euj\u00fa, \u010do s\u00fa s\u00fabory cookie a ako ich pou\u017e\u00edvame, ak\u00e9 typy s\u00faborov cookie pou\u017e\u00edvame, t. j. ak\u00e9 inform\u00e1cie zhroma\u017e\u010fujeme prostredn\u00edctvom s\u00faborov cookie, ako tieto inform\u00e1cie pou\u017e\u00edvame a ako spravujeme nastavenia s\u00faborov cookie.<\/p><p>S\u00fabory cookie s\u00fa mal\u00e9 textov\u00e9 s\u00fabory, ktor\u00e9 sa pou\u017e\u00edvaj\u00fa na ukladanie mal\u00fdch inform\u00e1ci\u00ed. Ukladaj\u00fa sa do v\u00e1\u0161ho zariadenia pri na\u010d\u00edtan\u00ed webovej str\u00e1nky v prehliada\u010di. Tieto s\u00fabory cookie n\u00e1m pom\u00e1haj\u00fa zabezpe\u010di\u0165 spr\u00e1vne fungovanie webovej lokality, zv\u00fd\u0161i\u0165 jej bezpe\u010dnos\u0165, poskytn\u00fa\u0165 pou\u017e\u00edvate\u013eom lep\u0161\u00ed z\u00e1\u017eitok, pochopi\u0165, ako webov\u00e1 lokalita funguje, a analyzova\u0165, \u010do funguje a kde s\u00fa potrebn\u00e9 zlep\u0161enia.<\/p><\/div><h5>Ako pou\u017e\u00edvame s\u00fabory cookie?<\/h5><div class=\"cookie-policy-p\"><p>Podobne ako v\u00e4\u010d\u0161ina online slu\u017eieb, aj na\u0161a webov\u00e1 str\u00e1nka pou\u017e\u00edva intern\u00e9 s\u00fabory cookie a s\u00fabory cookie tret\u00edch str\u00e1n na r\u00f4zne \u00fa\u010dely. Intern\u00e9 s\u00fabory cookie s\u00fa v\u00e4\u010d\u0161inou potrebn\u00e9 na spr\u00e1vne fungovanie webovej lokality a nezhroma\u017e\u010fuj\u00fa o v\u00e1s \u017eiadne osobn\u00e9 \u00fadaje.<\/p><p>S\u00fabory cookie tret\u00edch str\u00e1n pou\u017e\u00edvan\u00e9 na na\u0161ej webovej lokalite sa pou\u017e\u00edvaj\u00fa najm\u00e4 na to, aby n\u00e1m pomohli pochopi\u0165, ako lokalita funguje, interakciu s na\u0161ou lokalitou, udr\u017eiavanie bezpe\u010dnosti na\u0161ich slu\u017eieb, zobrazovanie rekl\u00e1m, ktor\u00e9 s\u00fa pre v\u00e1s relevantn\u00e9, a poskytovanie celkovo lep\u0161ieho pou\u017e\u00edvate\u013esk\u00e9ho z\u00e1\u017eitku a sk\u00fasenost\u00ed s cie\u013eom ur\u00fdchli\u0165 va\u0161e bud\u00face interakcie s na\u0161ou lokalitou.<\/p><\/div><h5>Typy s\u00faborov cookie, ktor\u00e9 pou\u017e\u00edvame<\/h5><div class=\"cky-audit-table-element\">\u00a0<\/div><h5 style=\"margin-bottom: 20px;\">Spr\u00e1va nastaven\u00ed s\u00faborov cookie<\/h5><p><a class=\"cky-banner-element\">Nastavenia s\u00faborov cookie<\/a><\/p><div><p>Nastavenia s\u00faborov cookie m\u00f4\u017eete kedyko\u013evek zmeni\u0165 kliknut\u00edm na text \"Nastavenia s\u00faborov cookie\" vy\u0161\u0161ie alebo na ikonu s\u00faborov cookie v \u013eavom dolnom rohu obrazovky. To v\u00e1m umo\u017en\u00ed op\u00e4tovne nav\u0161t\u00edvi\u0165 p\u00e1sku so s\u00fahlasom so s\u00fabormi cookie a zmeni\u0165 svoje nastavenia alebo svoj s\u00fahlas okam\u017eite odvola\u0165.<\/p><p>Okrem toho r\u00f4zne prehliada\u010de poskytuj\u00fa r\u00f4zne met\u00f3dy blokovania a vymaz\u00e1vania s\u00faborov cookie pou\u017e\u00edvan\u00fdch webov\u00fdmi str\u00e1nkami. Nastavenia prehliada\u010da m\u00f4\u017eete zmeni\u0165 tak, aby blokoval\/vymaz\u00e1val s\u00fabory cookie.<\/p><p>Ni\u017e\u0161ie s\u00fa uveden\u00e9 odkazy na podporn\u00e9 dokumenty o tom, ako spravova\u0165 a odstra\u0148ova\u0165 s\u00fabory cookie v hlavn\u00fdch webov\u00fdch prehliada\u010doch.<\/p><p>Chr\u00f3m: <a href=\"https:\/\/support.google.com\/accounts\/answer\/32050\" target=\"_blank\" rel=\"noopener noreferrer\">https:\/\/support.google.com\/accounts\/answer\/32050<\/a><\/p><p>Safari: <a href=\"https:\/\/support.apple.com\/en-in\/guide\/safari\/sfri11471\/mac\" target=\"_blank\" rel=\"noopener noreferrer\">https:\/\/support.apple.com\/en-in\/guide\/safari\/sfri11471\/mac<\/a><\/p><p>Firefox: <a href=\"https:\/\/support.mozilla.org\/en-US\/kb\/clear-cookies-and-site-data-firefox?redirectslug=delete-cookies-remove-info-websites-stored&amp;redirectlocale=en-US\" target=\"_blank\" rel=\"noopener noreferrer\">https:\/\/support.mozilla.org\/en-US\/kb\/clear-cookies-and-site-data-firefox?redirectslug=delete-cookies-remove-info-websites-stored&amp;redirectlocale=en-US<\/a><\/p><p>Internet Explorer: <a href=\"https:\/\/support.microsoft.com\/en-us\/topic\/how-to-delete-cookie-files-in-internet-explorer-bca9446f-d873-78de-77ba-d42645fa52fc\" target=\"_blank\" rel=\"noopener noreferrer\">https:\/\/support.microsoft.com\/en-us\/topic\/how-to-delete-cookie-files-in-internet-explorer-bca9446f-d873-78de-77ba-d42645fa52fc<\/a><\/p><p>Ak pou\u017e\u00edvate in\u00fd webov\u00fd prehliada\u010d, pozrite si ofici\u00e1lnu dokument\u00e1ciu podpory pre v\u00e1\u0161 prehliada\u010d.<\/p><\/div>\t\t\t\t\t\t\t\t<\/div>\n\t\t\t\t<\/div>\n\t\t\t\t\t<\/div>\n\t\t<\/div>\n\t\t\t\t\t<\/div>\n\t\t<\/section>\n\t\t\t\t<\/div>","protected":false},"excerpt":{"rendered":"<p>Cookie szab\u00e1lyzat Hat\u00e1lybal\u00e9p\u00e9s d\u00e1tuma: 2023. \u00e1prilis 22.Utols\u00f3 friss\u00edt\u00e9s: 2023. \u00e1prilis 22. Mik azok a s\u00fctik? Ez a Cookie-szab\u00e1lyzat elmagyar\u00e1zza, hogy mik azok a cookie-k, \u00e9s hogyan haszn\u00e1ljuk \u0151ket, milyen t\u00edpus\u00fa cookie-kat haszn\u00e1lunk, azaz milyen inform\u00e1ci\u00f3kat gy\u0171jt\u00fcnk a cookie-k seg\u00edts\u00e9g\u00e9vel, hogyan haszn\u00e1ljuk fel ezeket az inform\u00e1ci\u00f3kat, \u00e9s hogyan kezelj\u00fck a cookie-be\u00e1ll\u00edt\u00e1sokat. A cookie-k kism\u00e9ret\u0171 sz\u00f6veges f\u00e1jlok, [&hellip;]<\/p>\n","protected":false},"author":4,"featured_media":0,"parent":0,"menu_order":0,"comment_status":"closed","ping_status":"closed","template":"","meta":{"footnotes":""},"class_list":["post-13223","page","type-page","status-publish","hentry"],"_links":{"self":[{"href":"https:\/\/rollsystech.hu\/sk\/wp-json\/wp\/v2\/pages\/13223","targetHints":{"allow":["GET"]}}],"collection":[{"href":"https:\/\/rollsystech.hu\/sk\/wp-json\/wp\/v2\/pages"}],"about":[{"href":"https:\/\/rollsystech.hu\/sk\/wp-json\/wp\/v2\/types\/page"}],"author":[{"embeddable":true,"href":"https:\/\/rollsystech.hu\/sk\/wp-json\/wp\/v2\/users\/4"}],"replies":[{"embeddable":true,"href":"https:\/\/rollsystech.hu\/sk\/wp-json\/wp\/v2\/comments?post=13223"}],"version-history":[{"count":27,"href":"https:\/\/rollsystech.hu\/sk\/wp-json\/wp\/v2\/pages\/13223\/revisions"}],"predecessor-version":[{"id":18718,"href":"https:\/\/rollsystech.hu\/sk\/wp-json\/wp\/v2\/pages\/13223\/revisions\/18718"}],"wp:attachment":[{"href":"https:\/\/rollsystech.hu\/sk\/wp-json\/wp\/v2\/media?parent=13223"}],"curies":[{"name":"wp","href":"https:\/\/api.w.org\/{rel}","templated":true}]}}